{"id":774,"date":"2025-07-09T06:22:39","date_gmt":"2025-07-09T06:22:39","guid":{"rendered":"https:\/\/autentia.pro\/libro\/?page_id=774"},"modified":"2025-07-09T07:35:18","modified_gmt":"2025-07-09T07:35:18","slug":"yehudith","status":"publish","type":"page","link":"https:\/\/autentia.pro\/libro\/yehudith\/","title":{"rendered":"Yehudith"},"content":{"rendered":"\t\t<div data-elementor-type=\"wp-page\" data-elementor-id=\"774\" class=\"elementor elementor-774\">\n\t\t\t\t<div class=\"elementor-element elementor-element-42d308f e-flex e-con-boxed e-con e-parent\" data-id=\"42d308f\" data-element_type=\"container\" data-e-type=\"container\">\n\t\t\t\t\t<div class=\"e-con-inner\">\n\t\t<div class=\"elementor-element elementor-element-f42ff98 e-con-full e-flex e-con e-child\" data-id=\"f42ff98\" data-element_type=\"container\" data-e-type=\"container\">\n\t\t\t\t<div class=\"elementor-element elementor-element-2865ed3 elementor-widget elementor-widget-heading\" data-id=\"2865ed3\" data-element_type=\"widget\" data-e-type=\"widget\" data-widget_type=\"heading.default\">\n\t\t\t\t\t<h1 class=\"elementor-heading-title elementor-size-default\">Yehudith, mi maravillosa hija.<\/h1>\t\t\t\t<\/div>\n\t\t\t\t<div class=\"elementor-element elementor-element-104cbb9 elementor-widget-divider--view-line elementor-widget elementor-widget-divider\" data-id=\"104cbb9\" data-element_type=\"widget\" data-e-type=\"widget\" data-widget_type=\"divider.default\">\n\t\t\t\t\t\t\t<div class=\"elementor-divider\">\n\t\t\t<span class=\"elementor-divider-separator\">\n\t\t\t\t\t\t<\/span>\n\t\t<\/div>\n\t\t\t\t\t\t<\/div>\n\t\t\t\t<div class=\"elementor-element elementor-element-4a17061 elementor-widget elementor-widget-heading\" data-id=\"4a17061\" data-element_type=\"widget\" data-e-type=\"widget\" data-widget_type=\"heading.default\">\n\t\t\t\t\t<h2 class=\"elementor-heading-title elementor-size-default\">AutentIA, por Yehudith Covarrubias Vel\u00e1zquez.\n<\/h2>\t\t\t\t<\/div>\n\t\t\t\t<div class=\"elementor-element elementor-element-9f3861e elementor-widget elementor-widget-heading\" data-id=\"9f3861e\" data-element_type=\"widget\" data-e-type=\"widget\" data-widget_type=\"heading.default\">\n\t\t\t\t\t<h5 class=\"elementor-heading-title elementor-size-default\">Mi hija, inspirada por su mam\u00e1 creando un nuevo libro\u2026 a sus 6 a\u00f1os. <br>\nUn mensaje perfecto, incluso con sus peque\u00f1os detalles de ortograf\u00eda. <br>\n\nLo escribi\u00f3 completamente sola, sin que nadie le dijera qu\u00e9 poner, sin ayuda alguna. <br>\n\nY apenas ten\u00eda menos de un trimestre de haber comenzado a leer y escribir\u2026 <br>\nDe pronto, fluy\u00f3 con esta obra.<\/h5>\t\t\t\t<\/div>\n\t\t\t\t<\/div>\n\t\t\t\t\t<\/div>\n\t\t\t\t<\/div>\n\t\t<div class=\"elementor-element elementor-element-6feb8aa e-flex e-con-boxed e-con e-parent\" data-id=\"6feb8aa\" data-element_type=\"container\" data-e-type=\"container\">\n\t\t\t\t\t<div class=\"e-con-inner\">\n\t\t<div class=\"elementor-element elementor-element-c9b0ec4 e-con-full e-flex e-con e-child\" data-id=\"c9b0ec4\" data-element_type=\"container\" data-e-type=\"container\">\n\t\t\t\t<div class=\"elementor-element elementor-element-84782a4 elementor-widget elementor-widget-image\" data-id=\"84782a4\" data-element_type=\"widget\" data-e-type=\"widget\" data-widget_type=\"image.default\">\n\t\t\t\t\t\t\t\t\t\t\t\t\t\t\t<img fetchpriority=\"high\" decoding=\"async\" width=\"800\" height=\"1200\" src=\"https:\/\/autentia.pro\/libro\/wp-content\/uploads\/2025\/07\/Autentia-de-Yehudith-bb-1.jpg\" class=\"attachment-full size-full wp-image-794\" alt=\"autentia de yehudith bb 1\" srcset=\"https:\/\/autentia.pro\/libro\/wp-content\/uploads\/2025\/07\/Autentia-de-Yehudith-bb-1.jpg 800w, https:\/\/autentia.pro\/libro\/wp-content\/uploads\/2025\/07\/Autentia-de-Yehudith-bb-1-200x300.jpg 200w, https:\/\/autentia.pro\/libro\/wp-content\/uploads\/2025\/07\/Autentia-de-Yehudith-bb-1-683x1024.jpg 683w, https:\/\/autentia.pro\/libro\/wp-content\/uploads\/2025\/07\/Autentia-de-Yehudith-bb-1-768x1152.jpg 768w, https:\/\/autentia.pro\/libro\/wp-content\/uploads\/2025\/07\/Autentia-de-Yehudith-bb-1-600x900.jpg 600w\" sizes=\"(max-width: 800px) 100vw, 800px\" title=\"Yehudith\">\t\t\t\t\t\t\t\t\t\t\t\t\t\t\t<\/div>\n\t\t\t\t<div class=\"elementor-element elementor-element-ddab6ba elementor-widget elementor-widget-heading\" data-id=\"ddab6ba\" data-element_type=\"widget\" data-e-type=\"widget\" data-widget_type=\"heading.default\">\n\t\t\t\t\t<h6 class=\"elementor-heading-title elementor-size-default\">\"AUTENTIA o AutentIA\" - La portada\n(las letras de abajo son las de mam\u00e1, todo lo dem\u00e1s est\u00e1 escrito y pensado por ella aut\u00f3nomamente)<\/h6>\t\t\t\t<\/div>\n\t\t\t\t<div class=\"elementor-element elementor-element-526d690 elementor-widget-divider--view-line elementor-widget elementor-widget-divider\" data-id=\"526d690\" data-element_type=\"widget\" data-e-type=\"widget\" data-widget_type=\"divider.default\">\n\t\t\t\t\t\t\t<div class=\"elementor-divider\">\n\t\t\t<span class=\"elementor-divider-separator\">\n\t\t\t\t\t\t<\/span>\n\t\t<\/div>\n\t\t\t\t\t\t<\/div>\n\t\t\t\t<\/div>\n\t\t<div class=\"elementor-element elementor-element-48858c5 e-con-full e-flex e-con e-child\" data-id=\"48858c5\" data-element_type=\"container\" data-e-type=\"container\">\n\t\t\t\t<div class=\"elementor-element elementor-element-e2943ca elementor-widget elementor-widget-image\" data-id=\"e2943ca\" data-element_type=\"widget\" data-e-type=\"widget\" data-widget_type=\"image.default\">\n\t\t\t\t\t\t\t\t\t\t\t\t\t\t\t<img decoding=\"async\" width=\"800\" height=\"1200\" src=\"https:\/\/autentia.pro\/libro\/wp-content\/uploads\/2025\/07\/Autentia-de-Yehudith-bb2.jpg\" class=\"attachment-full size-full wp-image-795\" alt=\"autentia de yehudith bb2\" srcset=\"https:\/\/autentia.pro\/libro\/wp-content\/uploads\/2025\/07\/Autentia-de-Yehudith-bb2.jpg 800w, https:\/\/autentia.pro\/libro\/wp-content\/uploads\/2025\/07\/Autentia-de-Yehudith-bb2-200x300.jpg 200w, https:\/\/autentia.pro\/libro\/wp-content\/uploads\/2025\/07\/Autentia-de-Yehudith-bb2-683x1024.jpg 683w, https:\/\/autentia.pro\/libro\/wp-content\/uploads\/2025\/07\/Autentia-de-Yehudith-bb2-768x1152.jpg 768w, https:\/\/autentia.pro\/libro\/wp-content\/uploads\/2025\/07\/Autentia-de-Yehudith-bb2-600x900.jpg 600w\" sizes=\"(max-width: 800px) 100vw, 800px\" title=\"Yehudith\">\t\t\t\t\t\t\t\t\t\t\t\t\t\t\t<\/div>\n\t\t\t\t<div class=\"elementor-element elementor-element-9884662 elementor-widget elementor-widget-heading\" data-id=\"9884662\" data-element_type=\"widget\" data-e-type=\"widget\" data-widget_type=\"heading.default\">\n\t\t\t\t\t<h6 class=\"elementor-heading-title elementor-size-default\">\"Hecha por Yehudith <br>\nIA\"<\/h6>\t\t\t\t<\/div>\n\t\t\t\t<div class=\"elementor-element elementor-element-523db21 elementor-widget-divider--view-line elementor-widget elementor-widget-divider\" data-id=\"523db21\" data-element_type=\"widget\" data-e-type=\"widget\" data-widget_type=\"divider.default\">\n\t\t\t\t\t\t\t<div class=\"elementor-divider\">\n\t\t\t<span class=\"elementor-divider-separator\">\n\t\t\t\t\t\t<\/span>\n\t\t<\/div>\n\t\t\t\t\t\t<\/div>\n\t\t\t\t<\/div>\n\t\t<div class=\"elementor-element elementor-element-f431b98 e-con-full e-flex e-con e-child\" data-id=\"f431b98\" data-element_type=\"container\" data-e-type=\"container\">\n\t\t\t\t<div class=\"elementor-element elementor-element-ff6cb01 elementor-widget elementor-widget-image\" data-id=\"ff6cb01\" data-element_type=\"widget\" data-e-type=\"widget\" data-widget_type=\"image.default\">\n\t\t\t\t\t\t\t\t\t\t\t\t\t\t\t<img decoding=\"async\" width=\"800\" height=\"1200\" src=\"https:\/\/autentia.pro\/libro\/wp-content\/uploads\/2025\/07\/Autentia-de-Yehudith-bb-3.jpg\" class=\"attachment-full size-full wp-image-796\" alt=\"autentia de yehudith bb 3\" srcset=\"https:\/\/autentia.pro\/libro\/wp-content\/uploads\/2025\/07\/Autentia-de-Yehudith-bb-3.jpg 800w, https:\/\/autentia.pro\/libro\/wp-content\/uploads\/2025\/07\/Autentia-de-Yehudith-bb-3-200x300.jpg 200w, https:\/\/autentia.pro\/libro\/wp-content\/uploads\/2025\/07\/Autentia-de-Yehudith-bb-3-683x1024.jpg 683w, https:\/\/autentia.pro\/libro\/wp-content\/uploads\/2025\/07\/Autentia-de-Yehudith-bb-3-768x1152.jpg 768w, https:\/\/autentia.pro\/libro\/wp-content\/uploads\/2025\/07\/Autentia-de-Yehudith-bb-3-600x900.jpg 600w\" sizes=\"(max-width: 800px) 100vw, 800px\" title=\"Yehudith\">\t\t\t\t\t\t\t\t\t\t\t\t\t\t\t<\/div>\n\t\t\t\t<div class=\"elementor-element elementor-element-d2baba5 elementor-widget elementor-widget-heading\" data-id=\"d2baba5\" data-element_type=\"widget\" data-e-type=\"widget\" data-widget_type=\"heading.default\">\n\t\t\t\t\t<h6 class=\"elementor-heading-title elementor-size-default\">\"La inteligencia artificial es para hacer im\u00e1genes. Tu le pides lo que quieres por un audio, luego esperas muchito\"<\/h6>\t\t\t\t<\/div>\n\t\t\t\t<div class=\"elementor-element elementor-element-66bfd5a elementor-widget-divider--view-line elementor-widget elementor-widget-divider\" data-id=\"66bfd5a\" data-element_type=\"widget\" data-e-type=\"widget\" data-widget_type=\"divider.default\">\n\t\t\t\t\t\t\t<div class=\"elementor-divider\">\n\t\t\t<span class=\"elementor-divider-separator\">\n\t\t\t\t\t\t<\/span>\n\t\t<\/div>\n\t\t\t\t\t\t<\/div>\n\t\t\t\t<\/div>\n\t\t\t\t\t<\/div>\n\t\t\t\t<\/div>\n\t\t<div class=\"elementor-element elementor-element-2bd28b6 e-flex e-con-boxed e-con e-parent\" data-id=\"2bd28b6\" data-element_type=\"container\" data-e-type=\"container\">\n\t\t\t\t\t<div class=\"e-con-inner\">\n\t\t<div class=\"elementor-element elementor-element-b6a184d e-con-full e-flex e-con e-child\" data-id=\"b6a184d\" data-element_type=\"container\" data-e-type=\"container\">\n\t\t\t\t<div class=\"elementor-element elementor-element-51c8c99 elementor-widget elementor-widget-image\" data-id=\"51c8c99\" data-element_type=\"widget\" data-e-type=\"widget\" data-widget_type=\"image.default\">\n\t\t\t\t\t\t\t\t\t\t\t\t\t\t\t<img loading=\"lazy\" decoding=\"async\" width=\"800\" height=\"1200\" src=\"https:\/\/autentia.pro\/libro\/wp-content\/uploads\/2025\/07\/Autentia-de-Yehudith-bb-4.jpg\" class=\"attachment-full size-full wp-image-797\" alt=\"autentia de yehudith bb 4\" srcset=\"https:\/\/autentia.pro\/libro\/wp-content\/uploads\/2025\/07\/Autentia-de-Yehudith-bb-4.jpg 800w, https:\/\/autentia.pro\/libro\/wp-content\/uploads\/2025\/07\/Autentia-de-Yehudith-bb-4-200x300.jpg 200w, https:\/\/autentia.pro\/libro\/wp-content\/uploads\/2025\/07\/Autentia-de-Yehudith-bb-4-683x1024.jpg 683w, https:\/\/autentia.pro\/libro\/wp-content\/uploads\/2025\/07\/Autentia-de-Yehudith-bb-4-768x1152.jpg 768w, https:\/\/autentia.pro\/libro\/wp-content\/uploads\/2025\/07\/Autentia-de-Yehudith-bb-4-600x900.jpg 600w\" sizes=\"(max-width: 800px) 100vw, 800px\" title=\"Yehudith\">\t\t\t\t\t\t\t\t\t\t\t\t\t\t\t<\/div>\n\t\t\t\t<div class=\"elementor-element elementor-element-d413eb7 elementor-widget elementor-widget-heading\" data-id=\"d413eb7\" data-element_type=\"widget\" data-e-type=\"widget\" data-widget_type=\"heading.default\">\n\t\t\t\t\t<h6 class=\"elementor-heading-title elementor-size-default\">\"IA <br> REAL <br> ROVOT \"<\/h6>\t\t\t\t<\/div>\n\t\t\t\t<div class=\"elementor-element elementor-element-221dcf8 elementor-widget-divider--view-line elementor-widget elementor-widget-divider\" data-id=\"221dcf8\" data-element_type=\"widget\" data-e-type=\"widget\" data-widget_type=\"divider.default\">\n\t\t\t\t\t\t\t<div class=\"elementor-divider\">\n\t\t\t<span class=\"elementor-divider-separator\">\n\t\t\t\t\t\t<\/span>\n\t\t<\/div>\n\t\t\t\t\t\t<\/div>\n\t\t\t\t<\/div>\n\t\t<div class=\"elementor-element elementor-element-a912c3b e-con-full e-flex e-con e-child\" data-id=\"a912c3b\" data-element_type=\"container\" data-e-type=\"container\">\n\t\t\t\t<div class=\"elementor-element elementor-element-b891f86 elementor-widget elementor-widget-image\" data-id=\"b891f86\" data-element_type=\"widget\" data-e-type=\"widget\" data-widget_type=\"image.default\">\n\t\t\t\t\t\t\t\t\t\t\t\t\t\t\t<img loading=\"lazy\" decoding=\"async\" width=\"800\" height=\"1200\" src=\"https:\/\/autentia.pro\/libro\/wp-content\/uploads\/2025\/07\/Autentia-de-Yehudith-bb-5.jpg\" class=\"attachment-full size-full wp-image-798\" alt=\"autentia de yehudith bb 5\" srcset=\"https:\/\/autentia.pro\/libro\/wp-content\/uploads\/2025\/07\/Autentia-de-Yehudith-bb-5.jpg 800w, https:\/\/autentia.pro\/libro\/wp-content\/uploads\/2025\/07\/Autentia-de-Yehudith-bb-5-200x300.jpg 200w, https:\/\/autentia.pro\/libro\/wp-content\/uploads\/2025\/07\/Autentia-de-Yehudith-bb-5-683x1024.jpg 683w, https:\/\/autentia.pro\/libro\/wp-content\/uploads\/2025\/07\/Autentia-de-Yehudith-bb-5-768x1152.jpg 768w, https:\/\/autentia.pro\/libro\/wp-content\/uploads\/2025\/07\/Autentia-de-Yehudith-bb-5-600x900.jpg 600w\" sizes=\"(max-width: 800px) 100vw, 800px\" title=\"Yehudith\">\t\t\t\t\t\t\t\t\t\t\t\t\t\t\t<\/div>\n\t\t\t\t<div class=\"elementor-element elementor-element-5528c62 elementor-widget elementor-widget-heading\" data-id=\"5528c62\" data-element_type=\"widget\" data-e-type=\"widget\" data-widget_type=\"heading.default\">\n\t\t\t\t\t<h6 class=\"elementor-heading-title elementor-size-default\">\"IA\"<\/h6>\t\t\t\t<\/div>\n\t\t\t\t<div class=\"elementor-element elementor-element-70414ec elementor-widget-divider--view-line elementor-widget elementor-widget-divider\" data-id=\"70414ec\" data-element_type=\"widget\" data-e-type=\"widget\" data-widget_type=\"divider.default\">\n\t\t\t\t\t\t\t<div class=\"elementor-divider\">\n\t\t\t<span class=\"elementor-divider-separator\">\n\t\t\t\t\t\t<\/span>\n\t\t<\/div>\n\t\t\t\t\t\t<\/div>\n\t\t\t\t<\/div>\n\t\t<div class=\"elementor-element elementor-element-5104c33 e-con-full e-flex e-con e-child\" data-id=\"5104c33\" data-element_type=\"container\" data-e-type=\"container\">\n\t\t\t\t<div class=\"elementor-element elementor-element-6bb6789 elementor-widget elementor-widget-image\" data-id=\"6bb6789\" data-element_type=\"widget\" data-e-type=\"widget\" data-widget_type=\"image.default\">\n\t\t\t\t\t\t\t\t\t\t\t\t\t\t\t<img loading=\"lazy\" decoding=\"async\" width=\"800\" height=\"1200\" src=\"https:\/\/autentia.pro\/libro\/wp-content\/uploads\/2025\/07\/Autentia-de-Yehudith-bb-6.jpg\" class=\"attachment-full size-full wp-image-799\" alt=\"autentia de yehudith bb 6\" srcset=\"https:\/\/autentia.pro\/libro\/wp-content\/uploads\/2025\/07\/Autentia-de-Yehudith-bb-6.jpg 800w, https:\/\/autentia.pro\/libro\/wp-content\/uploads\/2025\/07\/Autentia-de-Yehudith-bb-6-200x300.jpg 200w, https:\/\/autentia.pro\/libro\/wp-content\/uploads\/2025\/07\/Autentia-de-Yehudith-bb-6-683x1024.jpg 683w, https:\/\/autentia.pro\/libro\/wp-content\/uploads\/2025\/07\/Autentia-de-Yehudith-bb-6-768x1152.jpg 768w, https:\/\/autentia.pro\/libro\/wp-content\/uploads\/2025\/07\/Autentia-de-Yehudith-bb-6-600x900.jpg 600w\" sizes=\"(max-width: 800px) 100vw, 800px\" title=\"Yehudith\">\t\t\t\t\t\t\t\t\t\t\t\t\t\t\t<\/div>\n\t\t\t\t<div class=\"elementor-element elementor-element-ce1d33a elementor-widget elementor-widget-heading\" data-id=\"ce1d33a\" data-element_type=\"widget\" data-e-type=\"widget\" data-widget_type=\"heading.default\">\n\t\t\t\t\t<h6 class=\"elementor-heading-title elementor-size-default\">\"IA\"<\/h6>\t\t\t\t<\/div>\n\t\t\t\t<div class=\"elementor-element elementor-element-6722e4b elementor-widget-divider--view-line elementor-widget elementor-widget-divider\" data-id=\"6722e4b\" data-element_type=\"widget\" data-e-type=\"widget\" data-widget_type=\"divider.default\">\n\t\t\t\t\t\t\t<div class=\"elementor-divider\">\n\t\t\t<span class=\"elementor-divider-separator\">\n\t\t\t\t\t\t<\/span>\n\t\t<\/div>\n\t\t\t\t\t\t<\/div>\n\t\t\t\t<\/div>\n\t\t\t\t\t<\/div>\n\t\t\t\t<\/div>\n\t\t<div class=\"elementor-element elementor-element-aa09001 e-flex e-con-boxed e-con e-parent\" data-id=\"aa09001\" data-element_type=\"container\" data-e-type=\"container\">\n\t\t\t\t\t<div class=\"e-con-inner\">\n\t\t<div class=\"elementor-element elementor-element-dbb8c90 e-con-full e-flex e-con e-child\" data-id=\"dbb8c90\" data-element_type=\"container\" data-e-type=\"container\">\n\t\t\t\t<div class=\"elementor-element elementor-element-1be628d elementor-widget elementor-widget-image\" data-id=\"1be628d\" data-element_type=\"widget\" data-e-type=\"widget\" data-widget_type=\"image.default\">\n\t\t\t\t\t\t\t\t\t\t\t\t\t\t\t<img loading=\"lazy\" decoding=\"async\" width=\"800\" height=\"1200\" src=\"https:\/\/autentia.pro\/libro\/wp-content\/uploads\/2025\/07\/Autentia-de-Yehudith-bb7.jpg\" class=\"attachment-full size-full wp-image-800\" alt=\"autentia de yehudith bb7\" srcset=\"https:\/\/autentia.pro\/libro\/wp-content\/uploads\/2025\/07\/Autentia-de-Yehudith-bb7.jpg 800w, https:\/\/autentia.pro\/libro\/wp-content\/uploads\/2025\/07\/Autentia-de-Yehudith-bb7-200x300.jpg 200w, https:\/\/autentia.pro\/libro\/wp-content\/uploads\/2025\/07\/Autentia-de-Yehudith-bb7-683x1024.jpg 683w, https:\/\/autentia.pro\/libro\/wp-content\/uploads\/2025\/07\/Autentia-de-Yehudith-bb7-768x1152.jpg 768w, https:\/\/autentia.pro\/libro\/wp-content\/uploads\/2025\/07\/Autentia-de-Yehudith-bb7-600x900.jpg 600w\" sizes=\"(max-width: 800px) 100vw, 800px\" title=\"Yehudith\">\t\t\t\t\t\t\t\t\t\t\t\t\t\t\t<\/div>\n\t\t\t\t<div class=\"elementor-element elementor-element-1b3ebea elementor-widget elementor-widget-heading\" data-id=\"1b3ebea\" data-element_type=\"widget\" data-e-type=\"widget\" data-widget_type=\"heading.default\">\n\t\t\t\t\t<h6 class=\"elementor-heading-title elementor-size-default\">\"Merlot\"<\/h6>\t\t\t\t<\/div>\n\t\t\t\t<div class=\"elementor-element elementor-element-530a5f2 elementor-widget-divider--view-line elementor-widget elementor-widget-divider\" data-id=\"530a5f2\" data-element_type=\"widget\" data-e-type=\"widget\" data-widget_type=\"divider.default\">\n\t\t\t\t\t\t\t<div class=\"elementor-divider\">\n\t\t\t<span class=\"elementor-divider-separator\">\n\t\t\t\t\t\t<\/span>\n\t\t<\/div>\n\t\t\t\t\t\t<\/div>\n\t\t\t\t<\/div>\n\t\t<div class=\"elementor-element elementor-element-923bfbb e-con-full e-flex e-con e-child\" data-id=\"923bfbb\" data-element_type=\"container\" data-e-type=\"container\">\n\t\t\t\t<div class=\"elementor-element elementor-element-ff7ec67 elementor-widget elementor-widget-image\" data-id=\"ff7ec67\" data-element_type=\"widget\" data-e-type=\"widget\" data-widget_type=\"image.default\">\n\t\t\t\t\t\t\t\t\t\t\t\t\t\t\t<img loading=\"lazy\" decoding=\"async\" width=\"800\" height=\"1200\" src=\"https:\/\/autentia.pro\/libro\/wp-content\/uploads\/2025\/07\/8.jpg\" class=\"attachment-full size-full wp-image-801\" alt=\"8\" srcset=\"https:\/\/autentia.pro\/libro\/wp-content\/uploads\/2025\/07\/8.jpg 800w, https:\/\/autentia.pro\/libro\/wp-content\/uploads\/2025\/07\/8-200x300.jpg 200w, https:\/\/autentia.pro\/libro\/wp-content\/uploads\/2025\/07\/8-683x1024.jpg 683w, https:\/\/autentia.pro\/libro\/wp-content\/uploads\/2025\/07\/8-768x1152.jpg 768w, https:\/\/autentia.pro\/libro\/wp-content\/uploads\/2025\/07\/8-600x900.jpg 600w\" sizes=\"(max-width: 800px) 100vw, 800px\" title=\"Yehudith\">\t\t\t\t\t\t\t\t\t\t\t\t\t\t\t<\/div>\n\t\t\t\t<div class=\"elementor-element elementor-element-632a4a9 elementor-widget elementor-widget-heading\" data-id=\"632a4a9\" data-element_type=\"widget\" data-e-type=\"widget\" data-widget_type=\"heading.default\">\n\t\t\t\t\t<h6 class=\"elementor-heading-title elementor-size-default\">\"Este libro es de inteligencia artificial.\" <br> \"Hecho por Yehudith Covarrubias Vel\u00e1zquez\" <br>\n\"Este libro lo pueden ver desde chiquitos hasta grandes\"<\/h6>\t\t\t\t<\/div>\n\t\t\t\t<div class=\"elementor-element elementor-element-168bacf elementor-widget-divider--view-line elementor-widget elementor-widget-divider\" data-id=\"168bacf\" data-element_type=\"widget\" data-e-type=\"widget\" data-widget_type=\"divider.default\">\n\t\t\t\t\t\t\t<div class=\"elementor-divider\">\n\t\t\t<span class=\"elementor-divider-separator\">\n\t\t\t\t\t\t<\/span>\n\t\t<\/div>\n\t\t\t\t\t\t<\/div>\n\t\t\t\t<\/div>\n\t\t<div class=\"elementor-element elementor-element-6149d31 e-con-full e-flex e-con e-child\" data-id=\"6149d31\" data-element_type=\"container\" data-e-type=\"container\">\n\t\t\t\t<div class=\"elementor-element elementor-element-dc6a30c elementor-widget-divider--view-line elementor-widget elementor-widget-divider\" data-id=\"dc6a30c\" data-element_type=\"widget\" data-e-type=\"widget\" data-widget_type=\"divider.default\">\n\t\t\t\t\t\t\t<div class=\"elementor-divider\">\n\t\t\t<span class=\"elementor-divider-separator\">\n\t\t\t\t\t\t<\/span>\n\t\t<\/div>\n\t\t\t\t\t\t<\/div>\n\t\t\t\t<\/div>\n\t\t\t\t\t<\/div>\n\t\t\t\t<\/div>\n\t\t<div class=\"elementor-element elementor-element-280aa10 e-flex e-con-boxed e-con e-parent\" data-id=\"280aa10\" data-element_type=\"container\" data-e-type=\"container\">\n\t\t\t\t\t<div class=\"e-con-inner\">\n\t\t\t\t<div class=\"elementor-element elementor-element-7d3d0b5 elementor-widget elementor-widget-heading\" data-id=\"7d3d0b5\" data-element_type=\"widget\" data-e-type=\"widget\" data-widget_type=\"heading.default\">\n\t\t\t\t\t<h2 class=\"elementor-heading-title elementor-size-default\">Instrucciones por Yehudith a los 4 a\u00f1os<\/h2>\t\t\t\t<\/div>\n\t\t\t\t<div class=\"elementor-element elementor-element-0430d49 elementor-widget elementor-widget-image\" data-id=\"0430d49\" data-element_type=\"widget\" data-e-type=\"widget\" data-widget_type=\"image.default\">\n\t\t\t\t\t\t\t\t\t\t\t\t\t\t\t<img decoding=\"async\" src=\"https:\/\/autentia.pro\/libro\/wp-content\/uploads\/elementor\/thumbs\/9-r8ht6wmevfmlkgbee2obiwdg1ef2z81cnabbc0lqwg.jpg\" title=\"9\" alt=\"9\" loading=\"lazy\" \/>\t\t\t\t\t\t\t\t\t\t\t\t\t\t\t<\/div>\n\t\t\t\t<div class=\"elementor-element elementor-element-3b3ca80 elementor-widget elementor-widget-heading\" data-id=\"3b3ca80\" data-element_type=\"widget\" data-e-type=\"widget\" data-widget_type=\"heading.default\">\n\t\t\t\t\t<h6 class=\"elementor-heading-title elementor-size-default\">\"Mi mam\u00e1 piensa, imagina una imagen, da las instrucciones y despu\u00e9s \u00a1aparece la im\u00e1gen en el celular!\"<br>Se lee de izquierda a derecha.  <br><br>La imagen que hizo que me diera cuenta que la IA era sencilla y que deb\u00eda ser para todos.<\/h6>\t\t\t\t<\/div>\n\t\t\t\t\t<\/div>\n\t\t\t\t<\/div>\n\t\t\t\t<\/div>\n\t\t","protected":false},"excerpt":{"rendered":"<p>Yehudith, mi maravillosa hija. AutentIA, por Yehudith Covarrubias Vel\u00e1zquez. Mi hija, inspirada por su mam\u00e1 creando un nuevo libro\u2026 a sus 6 a\u00f1os. Un mensaje perfecto, incluso con sus peque\u00f1os detalles de ortograf\u00eda. Lo escribi\u00f3 completamente sola, sin que nadie le dijera qu\u00e9 poner, sin ayuda alguna. Y apenas ten\u00eda menos de un trimestre de [&hellip;]<\/p>\n","protected":false},"author":1,"featured_media":0,"parent":0,"menu_order":0,"comment_status":"closed","ping_status":"closed","template":"","meta":{"site-sidebar-layout":"no-sidebar","site-content-layout":"page-builder","ast-site-content-layout":"full-width-container","site-content-style":"unboxed","site-sidebar-style":"unboxed","ast-global-header-display":"","ast-banner-title-visibility":"","ast-main-header-display":"","ast-hfb-above-header-display":"","ast-hfb-below-header-display":"","ast-hfb-mobile-header-display":"","site-post-title":"disabled","ast-breadcrumbs-content":"disabled","ast-featured-img":"disabled","footer-sml-layout":"","ast-disable-related-posts":"","theme-transparent-header-meta":"enabled","adv-header-id-meta":"","stick-header-meta":"","header-above-stick-meta":"","header-main-stick-meta":"","header-below-stick-meta":"","astra-migrate-meta-layouts":"set","ast-page-background-enabled":"default","ast-page-background-meta":{"desktop":{"background-color":"","background-image":"","background-repeat":"repeat","background-position":"center center","background-size":"auto","background-attachment":"scroll","background-type":"","background-media":"","overlay-type":"","overlay-color":"","overlay-opacity":"","overlay-gradient":""},"tablet":{"background-color":"","background-image":"","background-repeat":"repeat","background-position":"center center","background-size":"auto","background-attachment":"scroll","background-type":"","background-media":"","overlay-type":"","overlay-color":"","overlay-opacity":"","overlay-gradient":""},"mobile":{"background-color":"","background-image":"","background-repeat":"repeat","background-position":"center center","background-size":"auto","background-attachment":"scroll","background-type":"","background-media":"","overlay-type":"","overlay-color":"","overlay-opacity":"","overlay-gradient":""}},"ast-content-background-meta":{"desktop":{"background-color":"var(--ast-global-color-5)","background-image":"","background-repeat":"repeat","background-position":"center center","background-size":"auto","background-attachment":"scroll","background-type":"","background-media":"","overlay-type":"","overlay-color":"","overlay-opacity":"","overlay-gradient":""},"tablet":{"background-color":"var(--ast-global-color-5)","background-image":"","background-repeat":"repeat","background-position":"center center","background-size":"auto","background-attachment":"scroll","background-type":"","background-media":"","overlay-type":"","overlay-color":"","overlay-opacity":"","overlay-gradient":""},"mobile":{"background-color":"var(--ast-global-color-5)","background-image":"","background-repeat":"repeat","background-position":"center center","background-size":"auto","background-attachment":"scroll","background-type":"","background-media":"","overlay-type":"","overlay-color":"","overlay-opacity":"","overlay-gradient":""}},"footnotes":""},"class_list":["post-774","page","type-page","status-publish","hentry"],"_links":{"self":[{"href":"https:\/\/autentia.pro\/libro\/wp-json\/wp\/v2\/pages\/774","targetHints":{"allow":["GET"]}}],"collection":[{"href":"https:\/\/autentia.pro\/libro\/wp-json\/wp\/v2\/pages"}],"about":[{"href":"https:\/\/autentia.pro\/libro\/wp-json\/wp\/v2\/types\/page"}],"author":[{"embeddable":true,"href":"https:\/\/autentia.pro\/libro\/wp-json\/wp\/v2\/users\/1"}],"replies":[{"embeddable":true,"href":"https:\/\/autentia.pro\/libro\/wp-json\/wp\/v2\/comments?post=774"}],"version-history":[{"count":10,"href":"https:\/\/autentia.pro\/libro\/wp-json\/wp\/v2\/pages\/774\/revisions"}],"predecessor-version":[{"id":810,"href":"https:\/\/autentia.pro\/libro\/wp-json\/wp\/v2\/pages\/774\/revisions\/810"}],"wp:attachment":[{"href":"https:\/\/autentia.pro\/libro\/wp-json\/wp\/v2\/media?parent=774"}],"curies":[{"name":"wp","href":"https:\/\/api.w.org\/{rel}","templated":true}]}}