{"id":183,"date":"2025-07-08T14:49:06","date_gmt":"2025-07-08T14:49:06","guid":{"rendered":"https:\/\/autentia.pro\/libro\/e-books\/"},"modified":"2025-07-09T06:53:06","modified_gmt":"2025-07-09T06:53:06","slug":"artedigital","status":"publish","type":"page","link":"https:\/\/autentia.pro\/libro\/artedigital\/","title":{"rendered":"Arte Digital"},"content":{"rendered":"\t\t<div data-elementor-type=\"wp-page\" data-elementor-id=\"183\" class=\"elementor elementor-183\">\n\t\t\t\t<div class=\"elementor-element elementor-element-42d308f e-flex e-con-boxed e-con e-parent\" data-id=\"42d308f\" data-element_type=\"container\" data-e-type=\"container\">\n\t\t\t\t\t<div class=\"e-con-inner\">\n\t\t<div class=\"elementor-element elementor-element-f42ff98 e-con-full e-flex e-con e-child\" data-id=\"f42ff98\" data-element_type=\"container\" data-e-type=\"container\">\n\t\t\t\t<div class=\"elementor-element elementor-element-2865ed3 elementor-widget elementor-widget-heading\" data-id=\"2865ed3\" data-element_type=\"widget\" data-e-type=\"widget\" data-widget_type=\"heading.default\">\n\t\t\t\t\t<h1 class=\"elementor-heading-title elementor-size-default\">Arte Digital inspirado en AutentIA\n<\/h1>\t\t\t\t<\/div>\n\t\t\t\t<div class=\"elementor-element elementor-element-90fe527 elementor-widget elementor-widget-heading\" data-id=\"90fe527\" data-element_type=\"widget\" data-e-type=\"widget\" data-widget_type=\"heading.default\">\n\t\t\t\t\t<h2 class=\"elementor-heading-title elementor-size-default\">-Tecnolog\u00eda, alma y prop\u00f3sito\n<\/h2>\t\t\t\t<\/div>\n\t\t\t\t<div class=\"elementor-element elementor-element-104cbb9 elementor-widget-divider--view-line elementor-widget elementor-widget-divider\" data-id=\"104cbb9\" data-element_type=\"widget\" data-e-type=\"widget\" data-widget_type=\"divider.default\">\n\t\t\t\t\t\t\t<div class=\"elementor-divider\">\n\t\t\t<span class=\"elementor-divider-separator\">\n\t\t\t\t\t\t<\/span>\n\t\t<\/div>\n\t\t\t\t\t\t<\/div>\n\t\t\t\t<\/div>\n\t\t\t\t\t<\/div>\n\t\t\t\t<\/div>\n\t\t<div class=\"elementor-element elementor-element-6feb8aa e-flex e-con-boxed e-con e-parent\" data-id=\"6feb8aa\" data-element_type=\"container\" data-e-type=\"container\">\n\t\t\t\t\t<div class=\"e-con-inner\">\n\t\t<div class=\"elementor-element elementor-element-c9b0ec4 e-con-full e-flex e-con e-child\" data-id=\"c9b0ec4\" data-element_type=\"container\" data-e-type=\"container\">\n\t\t\t\t<div class=\"elementor-element elementor-element-84782a4 elementor-widget elementor-widget-image\" data-id=\"84782a4\" data-element_type=\"widget\" data-e-type=\"widget\" data-widget_type=\"image.default\">\n\t\t\t\t\t\t\t\t\t\t\t\t\t\t\t<img fetchpriority=\"high\" decoding=\"async\" width=\"238\" height=\"305\" src=\"https:\/\/autentia.pro\/libro\/wp-content\/uploads\/2025\/07\/A-mi-tambien-me-Paso.-AutentIA.-Yeudith-1.jpg\" class=\"attachment-full size-full wp-image-773\" alt=\"a mi tambien me paso\u0301. autentia. yeudith\" srcset=\"https:\/\/autentia.pro\/libro\/wp-content\/uploads\/2025\/07\/A-mi-tambien-me-Paso.-AutentIA.-Yeudith-1.jpg 238w, https:\/\/autentia.pro\/libro\/wp-content\/uploads\/2025\/07\/A-mi-tambien-me-Paso.-AutentIA.-Yeudith-1-234x300.jpg 234w\" sizes=\"(max-width: 238px) 100vw, 238px\" title=\"Arte Digital\">\t\t\t\t\t\t\t\t\t\t\t\t\t\t\t<\/div>\n\t\t\t\t<div class=\"elementor-element elementor-element-b910b7e elementor-widget elementor-widget-heading\" data-id=\"b910b7e\" data-element_type=\"widget\" data-e-type=\"widget\" data-widget_type=\"heading.default\">\n\t\t\t\t\t<h4 class=\"elementor-heading-title elementor-size-default\">A mi tambien me paso\u0301<\/h4>\t\t\t\t<\/div>\n\t\t\t\t<div class=\"elementor-element elementor-element-69a110a elementor-widget elementor-widget-heading\" data-id=\"69a110a\" data-element_type=\"widget\" data-e-type=\"widget\" data-widget_type=\"heading.default\">\n\t\t\t\t\t<span class=\"elementor-heading-title elementor-size-default\">Yeudith Vel\u00e1zquez Aguilar<\/span>\t\t\t\t<\/div>\n\t\t\t\t<div class=\"elementor-element elementor-element-526d690 elementor-widget-divider--view-line elementor-widget elementor-widget-divider\" data-id=\"526d690\" data-element_type=\"widget\" data-e-type=\"widget\" data-widget_type=\"divider.default\">\n\t\t\t\t\t\t\t<div class=\"elementor-divider\">\n\t\t\t<span class=\"elementor-divider-separator\">\n\t\t\t\t\t\t<\/span>\n\t\t<\/div>\n\t\t\t\t\t\t<\/div>\n\t\t\t\t<\/div>\n\t\t<div class=\"elementor-element elementor-element-48858c5 e-con-full e-flex e-con e-child\" data-id=\"48858c5\" data-element_type=\"container\" data-e-type=\"container\">\n\t\t\t\t<div class=\"elementor-element elementor-element-e2943ca elementor-widget elementor-widget-image\" data-id=\"e2943ca\" data-element_type=\"widget\" data-e-type=\"widget\" data-widget_type=\"image.default\">\n\t\t\t\t\t\t\t\t\t\t\t\t\t\t\t<img decoding=\"async\" width=\"238\" height=\"305\" src=\"https:\/\/autentia.pro\/libro\/wp-content\/uploads\/2025\/07\/El-espejo.-AutentIA.-Yeudith.jpg\" class=\"attachment-full size-full wp-image-775\" alt=\"el espejo. autentia. yeudith\" srcset=\"https:\/\/autentia.pro\/libro\/wp-content\/uploads\/2025\/07\/El-espejo.-AutentIA.-Yeudith.jpg 238w, https:\/\/autentia.pro\/libro\/wp-content\/uploads\/2025\/07\/El-espejo.-AutentIA.-Yeudith-234x300.jpg 234w\" sizes=\"(max-width: 238px) 100vw, 238px\" title=\"Arte Digital\">\t\t\t\t\t\t\t\t\t\t\t\t\t\t\t<\/div>\n\t\t\t\t<div class=\"elementor-element elementor-element-edc36c8 elementor-widget elementor-widget-heading\" data-id=\"edc36c8\" data-element_type=\"widget\" data-e-type=\"widget\" data-widget_type=\"heading.default\">\n\t\t\t\t\t<h4 class=\"elementor-heading-title elementor-size-default\">El espejo\n<\/h4>\t\t\t\t<\/div>\n\t\t\t\t<div class=\"elementor-element elementor-element-b4454b7 elementor-widget elementor-widget-heading\" data-id=\"b4454b7\" data-element_type=\"widget\" data-e-type=\"widget\" data-widget_type=\"heading.default\">\n\t\t\t\t\t<span class=\"elementor-heading-title elementor-size-default\">Yeudith Vel\u00e1zquez Aguilar<\/span>\t\t\t\t<\/div>\n\t\t\t\t<div class=\"elementor-element elementor-element-523db21 elementor-widget-divider--view-line elementor-widget elementor-widget-divider\" data-id=\"523db21\" data-element_type=\"widget\" data-e-type=\"widget\" data-widget_type=\"divider.default\">\n\t\t\t\t\t\t\t<div class=\"elementor-divider\">\n\t\t\t<span class=\"elementor-divider-separator\">\n\t\t\t\t\t\t<\/span>\n\t\t<\/div>\n\t\t\t\t\t\t<\/div>\n\t\t\t\t<\/div>\n\t\t<div class=\"elementor-element elementor-element-f431b98 e-con-full e-flex e-con e-child\" data-id=\"f431b98\" data-element_type=\"container\" data-e-type=\"container\">\n\t\t\t\t<div class=\"elementor-element elementor-element-ff6cb01 elementor-widget elementor-widget-image\" data-id=\"ff6cb01\" data-element_type=\"widget\" data-e-type=\"widget\" data-widget_type=\"image.default\">\n\t\t\t\t\t\t\t\t\t\t\t\t\t\t\t<img decoding=\"async\" width=\"238\" height=\"305\" src=\"https:\/\/autentia.pro\/libro\/wp-content\/uploads\/2025\/07\/AutentIA-20.-Yeudith.jpg\" class=\"attachment-full size-full wp-image-776\" alt=\"autentia 20. yeudith\" srcset=\"https:\/\/autentia.pro\/libro\/wp-content\/uploads\/2025\/07\/AutentIA-20.-Yeudith.jpg 238w, https:\/\/autentia.pro\/libro\/wp-content\/uploads\/2025\/07\/AutentIA-20.-Yeudith-234x300.jpg 234w\" sizes=\"(max-width: 238px) 100vw, 238px\" title=\"Arte Digital\">\t\t\t\t\t\t\t\t\t\t\t\t\t\t\t<\/div>\n\t\t\t\t<div class=\"elementor-element elementor-element-36d5c07 elementor-widget elementor-widget-heading\" data-id=\"36d5c07\" data-element_type=\"widget\" data-e-type=\"widget\" data-widget_type=\"heading.default\">\n\t\t\t\t\t<h4 class=\"elementor-heading-title elementor-size-default\">AutentIA 20<\/h4>\t\t\t\t<\/div>\n\t\t\t\t<div class=\"elementor-element elementor-element-87788c9 elementor-widget elementor-widget-heading\" data-id=\"87788c9\" data-element_type=\"widget\" data-e-type=\"widget\" data-widget_type=\"heading.default\">\n\t\t\t\t\t<span class=\"elementor-heading-title elementor-size-default\">Yeudith Vel\u00e1zquez Aguilar<\/span>\t\t\t\t<\/div>\n\t\t\t\t<div class=\"elementor-element elementor-element-66bfd5a elementor-widget-divider--view-line elementor-widget elementor-widget-divider\" data-id=\"66bfd5a\" data-element_type=\"widget\" data-e-type=\"widget\" data-widget_type=\"divider.default\">\n\t\t\t\t\t\t\t<div class=\"elementor-divider\">\n\t\t\t<span class=\"elementor-divider-separator\">\n\t\t\t\t\t\t<\/span>\n\t\t<\/div>\n\t\t\t\t\t\t<\/div>\n\t\t\t\t<\/div>\n\t\t\t\t\t<\/div>\n\t\t\t\t<\/div>\n\t\t<div class=\"elementor-element elementor-element-96ecc95 e-flex e-con-boxed e-con e-parent\" data-id=\"96ecc95\" data-element_type=\"container\" data-e-type=\"container\">\n\t\t\t\t\t<div class=\"e-con-inner\">\n\t\t<div class=\"elementor-element elementor-element-e5ad1af e-con-full e-flex e-con e-child\" data-id=\"e5ad1af\" data-element_type=\"container\" data-e-type=\"container\">\n\t\t\t\t<div class=\"elementor-element elementor-element-96eb83c elementor-widget elementor-widget-image\" data-id=\"96eb83c\" data-element_type=\"widget\" data-e-type=\"widget\" data-widget_type=\"image.default\">\n\t\t\t\t\t\t\t\t\t\t\t\t\t\t\t<img loading=\"lazy\" decoding=\"async\" width=\"238\" height=\"305\" src=\"https:\/\/autentia.pro\/libro\/wp-content\/uploads\/2025\/07\/El-futuro-es-Hoy.-AutentIA.-Yeudith.jpg\" class=\"attachment-full size-full wp-image-777\" alt=\"el futuro es hoy. autentia. yeudith\" srcset=\"https:\/\/autentia.pro\/libro\/wp-content\/uploads\/2025\/07\/El-futuro-es-Hoy.-AutentIA.-Yeudith.jpg 238w, https:\/\/autentia.pro\/libro\/wp-content\/uploads\/2025\/07\/El-futuro-es-Hoy.-AutentIA.-Yeudith-234x300.jpg 234w\" sizes=\"(max-width: 238px) 100vw, 238px\" title=\"Arte Digital\">\t\t\t\t\t\t\t\t\t\t\t\t\t\t\t<\/div>\n\t\t\t\t<div class=\"elementor-element elementor-element-d4f7754 elementor-widget elementor-widget-heading\" data-id=\"d4f7754\" data-element_type=\"widget\" data-e-type=\"widget\" data-widget_type=\"heading.default\">\n\t\t\t\t\t<h4 class=\"elementor-heading-title elementor-size-default\">El futuro es Hoy<\/h4>\t\t\t\t<\/div>\n\t\t\t\t<div class=\"elementor-element elementor-element-21ab2ac elementor-widget elementor-widget-heading\" data-id=\"21ab2ac\" data-element_type=\"widget\" data-e-type=\"widget\" data-widget_type=\"heading.default\">\n\t\t\t\t\t<span class=\"elementor-heading-title elementor-size-default\">Yeudith Vel\u00e1zquez Aguilar<\/span>\t\t\t\t<\/div>\n\t\t\t\t<div class=\"elementor-element elementor-element-4495a36 elementor-widget-divider--view-line elementor-widget elementor-widget-divider\" data-id=\"4495a36\" data-element_type=\"widget\" data-e-type=\"widget\" data-widget_type=\"divider.default\">\n\t\t\t\t\t\t\t<div class=\"elementor-divider\">\n\t\t\t<span class=\"elementor-divider-separator\">\n\t\t\t\t\t\t<\/span>\n\t\t<\/div>\n\t\t\t\t\t\t<\/div>\n\t\t\t\t<\/div>\n\t\t<div class=\"elementor-element elementor-element-53fa63b e-con-full e-flex e-con e-child\" data-id=\"53fa63b\" data-element_type=\"container\" data-e-type=\"container\">\n\t\t\t\t<div class=\"elementor-element elementor-element-0585c9a elementor-widget elementor-widget-image\" data-id=\"0585c9a\" data-element_type=\"widget\" data-e-type=\"widget\" data-widget_type=\"image.default\">\n\t\t\t\t\t\t\t\t\t\t\t\t\t\t\t<img loading=\"lazy\" decoding=\"async\" width=\"238\" height=\"305\" src=\"https:\/\/autentia.pro\/libro\/wp-content\/uploads\/2025\/07\/AutentIA-50.-Yeudith.jpg\" class=\"attachment-full size-full wp-image-779\" alt=\"autentia 50. yeudith\" srcset=\"https:\/\/autentia.pro\/libro\/wp-content\/uploads\/2025\/07\/AutentIA-50.-Yeudith.jpg 238w, https:\/\/autentia.pro\/libro\/wp-content\/uploads\/2025\/07\/AutentIA-50.-Yeudith-234x300.jpg 234w\" sizes=\"(max-width: 238px) 100vw, 238px\" title=\"Arte Digital\">\t\t\t\t\t\t\t\t\t\t\t\t\t\t\t<\/div>\n\t\t\t\t<div class=\"elementor-element elementor-element-b0466bc elementor-widget elementor-widget-heading\" data-id=\"b0466bc\" data-element_type=\"widget\" data-e-type=\"widget\" data-widget_type=\"heading.default\">\n\t\t\t\t\t<h4 class=\"elementor-heading-title elementor-size-default\">AutentIA 50<\/h4>\t\t\t\t<\/div>\n\t\t\t\t<div class=\"elementor-element elementor-element-b6b6320 elementor-widget elementor-widget-heading\" data-id=\"b6b6320\" data-element_type=\"widget\" data-e-type=\"widget\" data-widget_type=\"heading.default\">\n\t\t\t\t\t<span class=\"elementor-heading-title elementor-size-default\">Yeudith Vel\u00e1zquez Aguilar<\/span>\t\t\t\t<\/div>\n\t\t\t\t<div class=\"elementor-element elementor-element-abd01b5 elementor-widget-divider--view-line elementor-widget elementor-widget-divider\" data-id=\"abd01b5\" data-element_type=\"widget\" data-e-type=\"widget\" data-widget_type=\"divider.default\">\n\t\t\t\t\t\t\t<div class=\"elementor-divider\">\n\t\t\t<span class=\"elementor-divider-separator\">\n\t\t\t\t\t\t<\/span>\n\t\t<\/div>\n\t\t\t\t\t\t<\/div>\n\t\t\t\t<\/div>\n\t\t<div class=\"elementor-element elementor-element-f017b3e e-con-full e-flex e-con e-child\" data-id=\"f017b3e\" data-element_type=\"container\" data-e-type=\"container\">\n\t\t\t\t<div class=\"elementor-element elementor-element-8c709e5 elementor-widget elementor-widget-image\" data-id=\"8c709e5\" data-element_type=\"widget\" data-e-type=\"widget\" data-widget_type=\"image.default\">\n\t\t\t\t\t\t\t\t\t\t\t\t\t\t\t<img loading=\"lazy\" decoding=\"async\" width=\"238\" height=\"305\" src=\"https:\/\/autentia.pro\/libro\/wp-content\/uploads\/2025\/07\/Empresarios.-AutentIA.-Yeudith.jpg\" class=\"attachment-full size-full wp-image-778\" alt=\"empresarios. autentia. yeudith\" srcset=\"https:\/\/autentia.pro\/libro\/wp-content\/uploads\/2025\/07\/Empresarios.-AutentIA.-Yeudith.jpg 238w, https:\/\/autentia.pro\/libro\/wp-content\/uploads\/2025\/07\/Empresarios.-AutentIA.-Yeudith-234x300.jpg 234w\" sizes=\"(max-width: 238px) 100vw, 238px\" title=\"Arte Digital\">\t\t\t\t\t\t\t\t\t\t\t\t\t\t\t<\/div>\n\t\t\t\t<div class=\"elementor-element elementor-element-36683a9 elementor-widget elementor-widget-heading\" data-id=\"36683a9\" data-element_type=\"widget\" data-e-type=\"widget\" data-widget_type=\"heading.default\">\n\t\t\t\t\t<h4 class=\"elementor-heading-title elementor-size-default\">Hacia all\u00e1<\/h4>\t\t\t\t<\/div>\n\t\t\t\t<div class=\"elementor-element elementor-element-a13d1e3 elementor-widget elementor-widget-heading\" data-id=\"a13d1e3\" data-element_type=\"widget\" data-e-type=\"widget\" data-widget_type=\"heading.default\">\n\t\t\t\t\t<span class=\"elementor-heading-title elementor-size-default\">Yeudith Vel\u00e1zquez Aguilar<\/span>\t\t\t\t<\/div>\n\t\t\t\t<div class=\"elementor-element elementor-element-97d28a0 elementor-widget-divider--view-line elementor-widget elementor-widget-divider\" data-id=\"97d28a0\" data-element_type=\"widget\" data-e-type=\"widget\" data-widget_type=\"divider.default\">\n\t\t\t\t\t\t\t<div class=\"elementor-divider\">\n\t\t\t<span class=\"elementor-divider-separator\">\n\t\t\t\t\t\t<\/span>\n\t\t<\/div>\n\t\t\t\t\t\t<\/div>\n\t\t\t\t<\/div>\n\t\t\t\t\t<\/div>\n\t\t\t\t<\/div>\n\t\t<div class=\"elementor-element elementor-element-66d2b56 e-flex e-con-boxed e-con e-parent\" data-id=\"66d2b56\" data-element_type=\"container\" data-e-type=\"container\">\n\t\t\t\t\t<div class=\"e-con-inner\">\n\t\t<div class=\"elementor-element elementor-element-a91b594 e-con-full e-flex e-con e-child\" data-id=\"a91b594\" data-element_type=\"container\" data-e-type=\"container\">\n\t\t\t\t<div class=\"elementor-element elementor-element-dfc6302 elementor-widget elementor-widget-image\" data-id=\"dfc6302\" data-element_type=\"widget\" data-e-type=\"widget\" data-widget_type=\"image.default\">\n\t\t\t\t\t\t\t\t\t\t\t\t\t\t\t<img loading=\"lazy\" decoding=\"async\" width=\"238\" height=\"305\" src=\"https:\/\/autentia.pro\/libro\/wp-content\/uploads\/2025\/07\/Hacia-mi.-AutentIA.-Yeudith.jpg\" class=\"attachment-full size-full wp-image-780\" alt=\"hacia mi. autentia. yeudith\" srcset=\"https:\/\/autentia.pro\/libro\/wp-content\/uploads\/2025\/07\/Hacia-mi.-AutentIA.-Yeudith.jpg 238w, https:\/\/autentia.pro\/libro\/wp-content\/uploads\/2025\/07\/Hacia-mi.-AutentIA.-Yeudith-234x300.jpg 234w\" sizes=\"(max-width: 238px) 100vw, 238px\" title=\"Arte Digital\">\t\t\t\t\t\t\t\t\t\t\t\t\t\t\t<\/div>\n\t\t\t\t<div class=\"elementor-element elementor-element-3c0eb69 elementor-widget elementor-widget-heading\" data-id=\"3c0eb69\" data-element_type=\"widget\" data-e-type=\"widget\" data-widget_type=\"heading.default\">\n\t\t\t\t\t<h4 class=\"elementor-heading-title elementor-size-default\">Hacia Mi<\/h4>\t\t\t\t<\/div>\n\t\t\t\t<div class=\"elementor-element elementor-element-4cb5695 elementor-widget elementor-widget-heading\" data-id=\"4cb5695\" data-element_type=\"widget\" data-e-type=\"widget\" data-widget_type=\"heading.default\">\n\t\t\t\t\t<span class=\"elementor-heading-title elementor-size-default\">Yeudith Vel\u00e1zquez Aguilar<\/span>\t\t\t\t<\/div>\n\t\t\t\t<div class=\"elementor-element elementor-element-c4bc116 elementor-widget-divider--view-line elementor-widget elementor-widget-divider\" data-id=\"c4bc116\" data-element_type=\"widget\" data-e-type=\"widget\" data-widget_type=\"divider.default\">\n\t\t\t\t\t\t\t<div class=\"elementor-divider\">\n\t\t\t<span class=\"elementor-divider-separator\">\n\t\t\t\t\t\t<\/span>\n\t\t<\/div>\n\t\t\t\t\t\t<\/div>\n\t\t\t\t<\/div>\n\t\t<div class=\"elementor-element elementor-element-814a961 e-con-full e-flex e-con e-child\" data-id=\"814a961\" data-element_type=\"container\" data-e-type=\"container\">\n\t\t\t\t<div class=\"elementor-element elementor-element-bb2483f elementor-widget elementor-widget-image\" data-id=\"bb2483f\" data-element_type=\"widget\" data-e-type=\"widget\" data-widget_type=\"image.default\">\n\t\t\t\t\t\t\t\t\t\t\t\t\t\t\t<img loading=\"lazy\" decoding=\"async\" width=\"238\" height=\"305\" src=\"https:\/\/autentia.pro\/libro\/wp-content\/uploads\/2025\/07\/18.jpg\" class=\"attachment-full size-full wp-image-781\" alt=\"18\" srcset=\"https:\/\/autentia.pro\/libro\/wp-content\/uploads\/2025\/07\/18.jpg 238w, https:\/\/autentia.pro\/libro\/wp-content\/uploads\/2025\/07\/18-234x300.jpg 234w\" sizes=\"(max-width: 238px) 100vw, 238px\" title=\"Arte Digital\">\t\t\t\t\t\t\t\t\t\t\t\t\t\t\t<\/div>\n\t\t\t\t<div class=\"elementor-element elementor-element-85fc297 elementor-widget elementor-widget-heading\" data-id=\"85fc297\" data-element_type=\"widget\" data-e-type=\"widget\" data-widget_type=\"heading.default\">\n\t\t\t\t\t<h4 class=\"elementor-heading-title elementor-size-default\">Sue\u00f1o Atemporal<\/h4>\t\t\t\t<\/div>\n\t\t\t\t<div class=\"elementor-element elementor-element-50b704d elementor-widget elementor-widget-heading\" data-id=\"50b704d\" data-element_type=\"widget\" data-e-type=\"widget\" data-widget_type=\"heading.default\">\n\t\t\t\t\t<span class=\"elementor-heading-title elementor-size-default\">Yeudith Vel\u00e1zquez Aguilar<\/span>\t\t\t\t<\/div>\n\t\t\t\t<div class=\"elementor-element elementor-element-1249738 elementor-widget-divider--view-line elementor-widget elementor-widget-divider\" data-id=\"1249738\" data-element_type=\"widget\" data-e-type=\"widget\" data-widget_type=\"divider.default\">\n\t\t\t\t\t\t\t<div class=\"elementor-divider\">\n\t\t\t<span class=\"elementor-divider-separator\">\n\t\t\t\t\t\t<\/span>\n\t\t<\/div>\n\t\t\t\t\t\t<\/div>\n\t\t\t\t<\/div>\n\t\t<div class=\"elementor-element elementor-element-8562b78 e-con-full e-flex e-con e-child\" data-id=\"8562b78\" data-element_type=\"container\" data-e-type=\"container\">\n\t\t\t\t<div class=\"elementor-element elementor-element-1c47a11 elementor-widget elementor-widget-image\" data-id=\"1c47a11\" data-element_type=\"widget\" data-e-type=\"widget\" data-widget_type=\"image.default\">\n\t\t\t\t\t\t\t\t\t\t\t\t\t\t\t<img loading=\"lazy\" decoding=\"async\" width=\"238\" height=\"305\" src=\"https:\/\/autentia.pro\/libro\/wp-content\/uploads\/2025\/07\/La-puerta-AutentIA.-Yeudith.jpg\" class=\"attachment-full size-full wp-image-782\" alt=\"la puerta autentia. yeudith\" srcset=\"https:\/\/autentia.pro\/libro\/wp-content\/uploads\/2025\/07\/La-puerta-AutentIA.-Yeudith.jpg 238w, https:\/\/autentia.pro\/libro\/wp-content\/uploads\/2025\/07\/La-puerta-AutentIA.-Yeudith-234x300.jpg 234w\" sizes=\"(max-width: 238px) 100vw, 238px\" title=\"Arte Digital\">\t\t\t\t\t\t\t\t\t\t\t\t\t\t\t<\/div>\n\t\t\t\t<div class=\"elementor-element elementor-element-8758e23 elementor-widget elementor-widget-heading\" data-id=\"8758e23\" data-element_type=\"widget\" data-e-type=\"widget\" data-widget_type=\"heading.default\">\n\t\t\t\t\t<h4 class=\"elementor-heading-title elementor-size-default\">La puerta AutentIA<\/h4>\t\t\t\t<\/div>\n\t\t\t\t<div class=\"elementor-element elementor-element-3d4d254 elementor-widget elementor-widget-heading\" data-id=\"3d4d254\" data-element_type=\"widget\" data-e-type=\"widget\" data-widget_type=\"heading.default\">\n\t\t\t\t\t<span class=\"elementor-heading-title elementor-size-default\">Yeudith Vel\u00e1zquez Aguilar<\/span>\t\t\t\t<\/div>\n\t\t\t\t<div class=\"elementor-element elementor-element-902df05 elementor-widget-divider--view-line elementor-widget elementor-widget-divider\" data-id=\"902df05\" data-element_type=\"widget\" data-e-type=\"widget\" data-widget_type=\"divider.default\">\n\t\t\t\t\t\t\t<div class=\"elementor-divider\">\n\t\t\t<span class=\"elementor-divider-separator\">\n\t\t\t\t\t\t<\/span>\n\t\t<\/div>\n\t\t\t\t\t\t<\/div>\n\t\t\t\t<\/div>\n\t\t\t\t\t<\/div>\n\t\t\t\t<\/div>\n\t\t\t\t<\/div>\n\t\t","protected":false},"excerpt":{"rendered":"<p>Arte Digital inspirado en AutentIA -Tecnolog\u00eda, alma y prop\u00f3sito A mi tambien me paso\u0301 Yeudith Vel\u00e1zquez Aguilar El espejo Yeudith Vel\u00e1zquez Aguilar AutentIA 20 Yeudith Vel\u00e1zquez Aguilar El futuro es Hoy Yeudith Vel\u00e1zquez Aguilar AutentIA 50 Yeudith Vel\u00e1zquez Aguilar Hacia all\u00e1 Yeudith Vel\u00e1zquez Aguilar Hacia Mi Yeudith Vel\u00e1zquez Aguilar Sue\u00f1o Atemporal Yeudith Vel\u00e1zquez Aguilar La [&hellip;]<\/p>\n","protected":false},"author":1,"featured_media":0,"parent":0,"menu_order":0,"comment_status":"closed","ping_status":"closed","template":"","meta":{"site-sidebar-layout":"no-sidebar","site-content-layout":"page-builder","ast-site-content-layout":"full-width-container","site-content-style":"unboxed","site-sidebar-style":"unboxed","ast-global-header-display":"","ast-banner-title-visibility":"","ast-main-header-display":"","ast-hfb-above-header-display":"","ast-hfb-below-header-display":"","ast-hfb-mobile-header-display":"","site-post-title":"disabled","ast-breadcrumbs-content":"disabled","ast-featured-img":"disabled","footer-sml-layout":"","ast-disable-related-posts":"","theme-transparent-header-meta":"enabled","adv-header-id-meta":"","stick-header-meta":"","header-above-stick-meta":"","header-main-stick-meta":"","header-below-stick-meta":"","astra-migrate-meta-layouts":"set","ast-page-background-enabled":"default","ast-page-background-meta":{"desktop":{"background-color":"","background-image":"","background-repeat":"repeat","background-position":"center center","background-size":"auto","background-attachment":"scroll","background-type":"","background-media":"","overlay-type":"","overlay-color":"","overlay-opacity":"","overlay-gradient":""},"tablet":{"background-color":"","background-image":"","background-repeat":"repeat","background-position":"center center","background-size":"auto","background-attachment":"scroll","background-type":"","background-media":"","overlay-type":"","overlay-color":"","overlay-opacity":"","overlay-gradient":""},"mobile":{"background-color":"","background-image":"","background-repeat":"repeat","background-position":"center center","background-size":"auto","background-attachment":"scroll","background-type":"","background-media":"","overlay-type":"","overlay-color":"","overlay-opacity":"","overlay-gradient":""}},"ast-content-background-meta":{"desktop":{"background-color":"var(--ast-global-color-5)","background-image":"","background-repeat":"repeat","background-position":"center center","background-size":"auto","background-attachment":"scroll","background-type":"","background-media":"","overlay-type":"","overlay-color":"","overlay-opacity":"","overlay-gradient":""},"tablet":{"background-color":"var(--ast-global-color-5)","background-image":"","background-repeat":"repeat","background-position":"center center","background-size":"auto","background-attachment":"scroll","background-type":"","background-media":"","overlay-type":"","overlay-color":"","overlay-opacity":"","overlay-gradient":""},"mobile":{"background-color":"var(--ast-global-color-5)","background-image":"","background-repeat":"repeat","background-position":"center center","background-size":"auto","background-attachment":"scroll","background-type":"","background-media":"","overlay-type":"","overlay-color":"","overlay-opacity":"","overlay-gradient":""}},"footnotes":""},"class_list":["post-183","page","type-page","status-publish","hentry"],"_links":{"self":[{"href":"https:\/\/autentia.pro\/libro\/wp-json\/wp\/v2\/pages\/183","targetHints":{"allow":["GET"]}}],"collection":[{"href":"https:\/\/autentia.pro\/libro\/wp-json\/wp\/v2\/pages"}],"about":[{"href":"https:\/\/autentia.pro\/libro\/wp-json\/wp\/v2\/types\/page"}],"author":[{"embeddable":true,"href":"https:\/\/autentia.pro\/libro\/wp-json\/wp\/v2\/users\/1"}],"replies":[{"embeddable":true,"href":"https:\/\/autentia.pro\/libro\/wp-json\/wp\/v2\/comments?post=183"}],"version-history":[{"count":11,"href":"https:\/\/autentia.pro\/libro\/wp-json\/wp\/v2\/pages\/183\/revisions"}],"predecessor-version":[{"id":789,"href":"https:\/\/autentia.pro\/libro\/wp-json\/wp\/v2\/pages\/183\/revisions\/789"}],"wp:attachment":[{"href":"https:\/\/autentia.pro\/libro\/wp-json\/wp\/v2\/media?parent=183"}],"curies":[{"name":"wp","href":"https:\/\/api.w.org\/{rel}","templated":true}]}}