{"id":182,"date":"2025-07-08T14:49:06","date_gmt":"2025-07-08T14:49:06","guid":{"rendered":"https:\/\/autentia.pro\/libro\/about\/"},"modified":"2026-01-12T16:47:04","modified_gmt":"2026-01-12T16:47:04","slug":"about","status":"publish","type":"page","link":"https:\/\/autentia.pro\/libro\/about\/","title":{"rendered":"About"},"content":{"rendered":"\t\t<div data-elementor-type=\"wp-page\" data-elementor-id=\"182\" class=\"elementor elementor-182\">\n\t\t\t\t<div class=\"elementor-element elementor-element-82a4834 e-flex e-con-boxed e-con e-parent\" data-id=\"82a4834\" data-element_type=\"container\" data-e-type=\"container\">\n\t\t\t\t\t<div class=\"e-con-inner\">\n\t\t<div class=\"elementor-element elementor-element-1cc981f e-con-full e-flex e-con e-child\" data-id=\"1cc981f\" data-element_type=\"container\" data-e-type=\"container\">\n\t\t\t\t<div class=\"elementor-element elementor-element-ffacf0c elementor-widget elementor-widget-heading\" data-id=\"ffacf0c\" data-element_type=\"widget\" data-e-type=\"widget\" data-widget_type=\"heading.default\">\n\t\t\t\t\t<h1 class=\"elementor-heading-title elementor-size-default\">Sobre la Autora <br>Dra. Yeudith Vel\u00e1zquez Aguilar<\/h1>\t\t\t\t<\/div>\n\t\t\t\t<div class=\"elementor-element elementor-element-a8c64a9 elementor-widget-divider--view-line elementor-widget elementor-widget-divider\" data-id=\"a8c64a9\" data-element_type=\"widget\" data-e-type=\"widget\" data-widget_type=\"divider.default\">\n\t\t\t\t\t\t\t<div class=\"elementor-divider\">\n\t\t\t<span class=\"elementor-divider-separator\">\n\t\t\t\t\t\t<\/span>\n\t\t<\/div>\n\t\t\t\t\t\t<\/div>\n\t\t\t\t<\/div>\n\t\t\t\t\t<\/div>\n\t\t\t\t<\/div>\n\t\t<div class=\"elementor-element elementor-element-b61db49 e-flex e-con-boxed e-con e-parent\" data-id=\"b61db49\" data-element_type=\"container\" data-e-type=\"container\">\n\t\t\t\t\t<div class=\"e-con-inner\">\n\t\t<div class=\"elementor-element elementor-element-b3bae32 e-con-full e-flex e-con e-child\" data-id=\"b3bae32\" data-element_type=\"container\" data-e-type=\"container\">\n\t\t\t\t<div class=\"elementor-element elementor-element-cb89974 elementor-widget elementor-widget-heading\" data-id=\"cb89974\" data-element_type=\"widget\" data-e-type=\"widget\" data-widget_type=\"heading.default\">\n\t\t\t\t\t<h5 class=\"elementor-heading-title elementor-size-default\">La Inteligencia Artificial est\u00e1 transformando el trabajo, los negocios y el liderazgo.\nPero el verdadero reto no es la tecnolog\u00eda, sino c\u00f3mo mantenerse relevante, visible e irremplazable en este nuevo mundo.<\/h5>\t\t\t\t<\/div>\n\t\t\t\t<div class=\"elementor-element elementor-element-5cead2b elementor-widget elementor-widget-heading\" data-id=\"5cead2b\" data-element_type=\"widget\" data-e-type=\"widget\" data-widget_type=\"heading.default\">\n\t\t\t\t\t<h4 class=\"elementor-heading-title elementor-size-default\">Dra.\u202fYeudith Vel\u00e1zquez Aguilar es estratega internacional en inteligencia artificial, conferencista, empresaria serial, mentora de negocios y autora bestseller. <\/h4>\t\t\t\t<\/div>\n\t\t\t\t<div class=\"elementor-element elementor-element-92ccbaf elementor-widget elementor-widget-text-editor\" data-id=\"92ccbaf\" data-element_type=\"widget\" data-e-type=\"widget\" data-widget_type=\"text-editor.default\">\n\t\t\t\t\t\t\t\t\t<p class=\"p1\">Con m\u00e1s de <span class=\"s1\"><b>25 a\u00f1os de experiencia<\/b><\/span>, se ha consolidado como una de las pioneras en el uso de la tecnolog\u00eda con enfoque humano para potenciar negocios, liderazgo y transformaci\u00f3n personal.<\/p>\t\t\t\t\t\t\t\t<\/div>\n\t\t\t\t<div class=\"elementor-element elementor-element-8e907c8 elementor-widget elementor-widget-text-editor\" data-id=\"8e907c8\" data-element_type=\"widget\" data-e-type=\"widget\" data-widget_type=\"text-editor.default\">\n\t\t\t\t\t\t\t\t\t<p class=\"p1\">Tiene una s\u00f3lida formaci\u00f3n acad\u00e9mica:<\/p><p class=\"p1\">\ud83c\udf93 <i>MBA en Tecnolog\u00edas de la Informaci\u00f3n<\/i> (ITESM, con menci\u00f3n honor\u00edfica)<\/p><p class=\"p1\">\ud83c\udf93 <i>Especialidad en Comercio Electr\u00f3nico<\/i> (ITESM)<\/p><p>\ud83c\udf93 <i>Licenciada en Ciencias de la Comunicaci\u00f3n<\/i>\u00a0(ITESM)<\/p><p class=\"p1\">\ud83c\udf93 <i>Maestr\u00eda en Marketing y Comercializaci\u00f3n Digital<\/i> (Universidad de Barcelona)<\/p><p class=\"p1\">\ud83d\udcdc <i>Certificaciones en Inteligencia Artificial aplicada al marketing, educaci\u00f3n, negocios, investigaci\u00f3n y desarrollo as\u00ed como agentes inteligentes.<\/i><\/p><p>\ud83d\udcdc <i>Certifica sus conocimientos en Inteligencia Artificial en Harvard<\/i><\/p>\t\t\t\t\t\t\t\t<\/div>\n\t\t\t\t<\/div>\n\t\t\t\t\t<\/div>\n\t\t\t\t<\/div>\n\t\t<div class=\"elementor-element elementor-element-4e2a9f7 e-flex e-con-boxed e-con e-parent\" data-id=\"4e2a9f7\" data-element_type=\"container\" data-e-type=\"container\" data-settings=\"{&quot;background_background&quot;:&quot;classic&quot;}\">\n\t\t\t\t\t<div class=\"e-con-inner\">\n\t\t<div class=\"elementor-element elementor-element-592d12b e-con-full e-flex e-con e-child\" data-id=\"592d12b\" data-element_type=\"container\" data-e-type=\"container\">\n\t\t\t\t<div class=\"elementor-element elementor-element-005afa2 elementor-widget elementor-widget-image\" data-id=\"005afa2\" data-element_type=\"widget\" data-e-type=\"widget\" data-widget_type=\"image.default\">\n\t\t\t\t\t\t\t\t\t\t\t\t\t\t\t<img fetchpriority=\"high\" decoding=\"async\" width=\"1140\" height=\"500\" src=\"https:\/\/autentia.pro\/libro\/wp-content\/uploads\/2025\/07\/Yeudith-portada.png\" class=\"attachment-full size-full wp-image-817\" alt=\"yeudith portada\" srcset=\"https:\/\/autentia.pro\/libro\/wp-content\/uploads\/2025\/07\/Yeudith-portada.png 1140w, https:\/\/autentia.pro\/libro\/wp-content\/uploads\/2025\/07\/Yeudith-portada-300x132.png 300w, https:\/\/autentia.pro\/libro\/wp-content\/uploads\/2025\/07\/Yeudith-portada-1024x449.png 1024w, https:\/\/autentia.pro\/libro\/wp-content\/uploads\/2025\/07\/Yeudith-portada-768x337.png 768w, https:\/\/autentia.pro\/libro\/wp-content\/uploads\/2025\/07\/Yeudith-portada-600x263.png 600w\" sizes=\"(max-width: 1140px) 100vw, 1140px\" title=\"About\">\t\t\t\t\t\t\t\t\t\t\t\t\t\t\t<\/div>\n\t\t\t\t<\/div>\n\t\t\t\t\t<\/div>\n\t\t\t\t<\/div>\n\t\t<div class=\"elementor-element elementor-element-3560d75 e-flex e-con-boxed e-con e-parent\" data-id=\"3560d75\" data-element_type=\"container\" data-e-type=\"container\" data-settings=\"{&quot;background_background&quot;:&quot;classic&quot;}\">\n\t\t\t\t\t<div class=\"e-con-inner\">\n\t\t<div class=\"elementor-element elementor-element-dda7737 e-con-full e-flex e-con e-child\" data-id=\"dda7737\" data-element_type=\"container\" data-e-type=\"container\">\n\t\t\t\t<div class=\"elementor-element elementor-element-f50b817 elementor-widget elementor-widget-text-editor\" data-id=\"f50b817\" data-element_type=\"widget\" data-e-type=\"widget\" data-widget_type=\"text-editor.default\">\n\t\t\t\t\t\t\t\t\t<p class=\"p1\">Su trabajo ha sido reconocido con el <span class=\"s1\"><b>Premio Mujer Tec 2018<\/b><\/span>, el <span class=\"s1\"><b>Premio Empresaria del A\u00f1o 2022<\/b><\/span> (Kaena), y ha sido voz activa en movimientos internacionales por el empoderamiento femenino, el acceso justo a la tecnolog\u00eda, y los derechos de las mam\u00e1s en espacios p\u00fablicos.<\/p>\t\t\t\t\t\t\t\t<\/div>\n\t\t\t\t<div class=\"elementor-element elementor-element-950686f elementor-widget elementor-widget-text-editor\" data-id=\"950686f\" data-element_type=\"widget\" data-e-type=\"widget\" data-widget_type=\"text-editor.default\">\n\t\t\t\t\t\t\t\t\t<p class=\"p1\">Ha fundado y dirige diversas iniciativas de impacto global como <span class=\"s1\"><b>u.Inspire<\/b> Marketing Digital<\/span>, Aceleradora de Negocios <span class=\"s1\"><b>ideAcelera<\/b><\/span>, <strong>Bizia<\/strong>,\u00a0 Escuela Internacional de Negocios <span class=\"s1\"><b>eIDEA.mx<\/b><\/span> y su Campus de Inteligencia Artificial <span class=\"s1\"><b>IAcampus.biz<\/b><\/span>, desde donde ha ayudado a miles de personas, l\u00edderes y empresarios en M\u00e9xico, Espa\u00f1a, Norteam\u00e9rica y\u00a0 LATAM a reinventarse y crecer con la ayuda de la IA.<\/p>\t\t\t\t\t\t\t\t<\/div>\n\t\t\t\t<div class=\"elementor-element elementor-element-ccd3af5 elementor-widget elementor-widget-text-editor\" data-id=\"ccd3af5\" data-element_type=\"widget\" data-e-type=\"widget\" data-widget_type=\"text-editor.default\">\n\t\t\t\t\t\t\t\t\t<p class=\"p1\">Es creadora de los m\u00e9todos <span class=\"s1\"><b>Metainfluencia<\/b><\/span> y <span class=\"s1\"><b>Venta Inversa<\/b><\/span>, adem\u00e1s de dise\u00f1ar programas educativos pr\u00e1cticos y revolucionarios para implementar IA sin complicaciones t\u00e9cnicas, desde el d\u00eda uno.<\/p>\t\t\t\t\t\t\t\t<\/div>\n\t\t\t\t<div class=\"elementor-element elementor-element-02203c8 elementor-widget elementor-widget-text-editor\" data-id=\"02203c8\" data-element_type=\"widget\" data-e-type=\"widget\" data-widget_type=\"text-editor.default\">\n\t\t\t\t\t\t\t\t\t<blockquote>Actualmente certifico mis conocimientos en Inteligencia Artificial en programas especializados de Harvard, y lidero proyectos de implementaci\u00f3n de IA, automatizaci\u00f3n y agentes inteligentes en empresas de distintos sectores.<\/blockquote>\t\t\t\t\t\t\t\t<\/div>\n\t\t\t\t<div class=\"elementor-element elementor-element-a561239 elementor-widget elementor-widget-image\" data-id=\"a561239\" data-element_type=\"widget\" data-e-type=\"widget\" data-widget_type=\"image.default\">\n\t\t\t\t\t\t\t\t\t\t\t\t\t\t\t<img decoding=\"async\" width=\"1024\" height=\"379\" src=\"https:\/\/autentia.pro\/libro\/wp-content\/uploads\/2025\/07\/Yeudith-egade-conferencia-1-1024x379.png\" class=\"attachment-large size-large wp-image-823\" alt=\"yeudith egade conferencia (1)\" srcset=\"https:\/\/autentia.pro\/libro\/wp-content\/uploads\/2025\/07\/Yeudith-egade-conferencia-1-1024x379.png 1024w, https:\/\/autentia.pro\/libro\/wp-content\/uploads\/2025\/07\/Yeudith-egade-conferencia-1-300x111.png 300w, https:\/\/autentia.pro\/libro\/wp-content\/uploads\/2025\/07\/Yeudith-egade-conferencia-1-768x284.png 768w, https:\/\/autentia.pro\/libro\/wp-content\/uploads\/2025\/07\/Yeudith-egade-conferencia-1-600x222.png 600w, https:\/\/autentia.pro\/libro\/wp-content\/uploads\/2025\/07\/Yeudith-egade-conferencia-1.png 1200w\" sizes=\"(max-width: 1024px) 100vw, 1024px\" title=\"About\">\t\t\t\t\t\t\t\t\t\t\t\t\t\t\t<\/div>\n\t\t\t\t<div class=\"elementor-element elementor-element-f0080b8 elementor-widget elementor-widget-text-editor\" data-id=\"f0080b8\" data-element_type=\"widget\" data-e-type=\"widget\" data-widget_type=\"text-editor.default\">\n\t\t\t\t\t\t\t\t\t<p class=\"p1\">Yeudith tambi\u00e9n es una orgullosa <i>mompreneur<\/i>, y ha dado conferencias internacionales\u00a0 acompa\u00f1ada de su hija, demostrando que <span class=\"s1\"><b>s\u00ed se puede ser madre, empresaria y l\u00edder tecnol\u00f3gica a la vez.<\/b><b><\/b><\/span><\/p>\t\t\t\t\t\t\t\t<\/div>\n\t\t\t\t<div class=\"elementor-element elementor-element-8326921 elementor-widget elementor-widget-text-editor\" data-id=\"8326921\" data-element_type=\"widget\" data-e-type=\"widget\" data-widget_type=\"text-editor.default\">\n\t\t\t\t\t\t\t\t\t<p class=\"p1\">A trav\u00e9s de su libro <i><strong>AutentIA, Confianza y poder en la era de la inteligencia artificial<\/strong><\/i>, propone una nueva forma de entender la inteligencia artificial: no como una amenaza, sino como una <span class=\"s1\"><b>aliada para reconectar con nuestra autenticidad, recuperar tiempo y amplificar nuestro impacto<\/b><\/span>.<\/p>\t\t\t\t\t\t\t\t<\/div>\n\t\t\t\t<div class=\"elementor-element elementor-element-9b948d0 elementor-widget elementor-widget-text-editor\" data-id=\"9b948d0\" data-element_type=\"widget\" data-e-type=\"widget\" data-widget_type=\"text-editor.default\">\n\t\t\t\t\t\t\t\t\t<p class=\"p1\"><strong><i>AutentIA: <\/i>Irremplazabl<\/strong>e nace de a\u00f1os de trabajo real con empresas, emprendedores y ejecutivos que buscan no solo adaptarse a la IA, sino <strong>liderar con criterio humano, estrategia y visi\u00f3n de futuro.<\/strong><\/p>\t\t\t\t\t\t\t\t<\/div>\n\t\t\t\t<div class=\"elementor-element elementor-element-d268d2a elementor-widget elementor-widget-text-editor\" data-id=\"d268d2a\" data-element_type=\"widget\" data-e-type=\"widget\" data-widget_type=\"text-editor.default\">\n\t\t\t\t\t\t\t\t\t<blockquote>Creo firmemente que la Inteligencia Artificial no viene a reemplazarnos.<br \/>Viene a amplificar lo que nos hace humanos\u2026<br \/>y a ayudarnos a destacar si sabemos usarla con prop\u00f3sito.<\/blockquote>\t\t\t\t\t\t\t\t<\/div>\n\t\t\t\t<div class=\"elementor-element elementor-element-81646ab elementor-align-center elementor-widget elementor-widget-button\" data-id=\"81646ab\" data-element_type=\"widget\" data-e-type=\"widget\" data-widget_type=\"button.default\">\n\t\t\t\t\t\t\t\t\t\t<a class=\"elementor-button elementor-button-link elementor-size-sm\" href=\"https:\/\/www.yeudith.com\/\" target=\"_blank\">\n\t\t\t\t\t\t<span class=\"elementor-button-content-wrapper\">\n\t\t\t\t\t\t\t\t\t<span class=\"elementor-button-text\">Yeudith.com &gt; P\u00e1gina oficial <\/span>\n\t\t\t\t\t<\/span>\n\t\t\t\t\t<\/a>\n\t\t\t\t\t\t\t\t<\/div>\n\t\t\t\t<div class=\"elementor-element elementor-element-a9ce861 elementor-widget elementor-widget-heading\" data-id=\"a9ce861\" data-element_type=\"widget\" data-e-type=\"widget\" data-widget_type=\"heading.default\">\n\t\t\t\t\t<h4 class=\"elementor-heading-title elementor-size-default\">\"\u201cLa IA no viene a reemplazarnos. Viene a devolverte tu propio poder.\u201d\"<\/h4>\t\t\t\t<\/div>\n\t\t\t\t<div class=\"elementor-element elementor-element-5057aa0 elementor-widget elementor-widget-image\" data-id=\"5057aa0\" data-element_type=\"widget\" data-e-type=\"widget\" data-widget_type=\"image.default\">\n\t\t\t\t\t\t\t\t\t\t\t\t\t\t\t<img decoding=\"async\" width=\"1024\" height=\"379\" src=\"https:\/\/autentia.pro\/libro\/wp-content\/uploads\/2025\/07\/Yeudith-egade-conferencia-2-1024x379.png\" class=\"attachment-large size-large wp-image-847\" alt=\"yeudith egade conferencia (2)\" srcset=\"https:\/\/autentia.pro\/libro\/wp-content\/uploads\/2025\/07\/Yeudith-egade-conferencia-2-1024x379.png 1024w, https:\/\/autentia.pro\/libro\/wp-content\/uploads\/2025\/07\/Yeudith-egade-conferencia-2-300x111.png 300w, https:\/\/autentia.pro\/libro\/wp-content\/uploads\/2025\/07\/Yeudith-egade-conferencia-2-768x284.png 768w, https:\/\/autentia.pro\/libro\/wp-content\/uploads\/2025\/07\/Yeudith-egade-conferencia-2-600x222.png 600w, https:\/\/autentia.pro\/libro\/wp-content\/uploads\/2025\/07\/Yeudith-egade-conferencia-2.png 1200w\" sizes=\"(max-width: 1024px) 100vw, 1024px\" title=\"About\">\t\t\t\t\t\t\t\t\t\t\t\t\t\t\t<\/div>\n\t\t\t\t<div class=\"elementor-element elementor-element-73a20c0 elementor-widget-divider--view-line elementor-widget elementor-widget-divider\" data-id=\"73a20c0\" data-element_type=\"widget\" data-e-type=\"widget\" data-widget_type=\"divider.default\">\n\t\t\t\t\t\t\t<div class=\"elementor-divider\">\n\t\t\t<span class=\"elementor-divider-separator\">\n\t\t\t\t\t\t<\/span>\n\t\t<\/div>\n\t\t\t\t\t\t<\/div>\n\t\t\t\t<\/div>\n\t\t\t\t\t<\/div>\n\t\t\t\t<\/div>\n\t\t\t\t<\/div>\n\t\t","protected":false},"excerpt":{"rendered":"<p>Sobre la Autora Dra. Yeudith Vel\u00e1zquez Aguilar La Inteligencia Artificial est\u00e1 transformando el trabajo, los negocios y el liderazgo. Pero el verdadero reto no es la tecnolog\u00eda, sino c\u00f3mo mantenerse relevante, visible e irremplazable en este nuevo mundo. Dra.\u202fYeudith Vel\u00e1zquez Aguilar es estratega internacional en inteligencia artificial, conferencista, empresaria serial, mentora de negocios y autora [&hellip;]<\/p>\n","protected":false},"author":1,"featured_media":0,"parent":0,"menu_order":0,"comment_status":"closed","ping_status":"closed","template":"","meta":{"site-sidebar-layout":"no-sidebar","site-content-layout":"page-builder","ast-site-content-layout":"full-width-container","site-content-style":"unboxed","site-sidebar-style":"unboxed","ast-global-header-display":"","ast-banner-title-visibility":"","ast-main-header-display":"","ast-hfb-above-header-display":"","ast-hfb-below-header-display":"","ast-hfb-mobile-header-display":"","site-post-title":"disabled","ast-breadcrumbs-content":"disabled","ast-featured-img":"disabled","footer-sml-layout":"","ast-disable-related-posts":"","theme-transparent-header-meta":"enabled","adv-header-id-meta":"","stick-header-meta":"","header-above-stick-meta":"","header-main-stick-meta":"","header-below-stick-meta":"","astra-migrate-meta-layouts":"set","ast-page-background-enabled":"default","ast-page-background-meta":{"desktop":{"background-color":"","background-image":"","background-repeat":"repeat","background-position":"center center","background-size":"auto","background-attachment":"scroll","background-type":"","background-media":"","overlay-type":"","overlay-color":"","overlay-opacity":"","overlay-gradient":""},"tablet":{"background-color":"","background-image":"","background-repeat":"repeat","background-position":"center center","background-size":"auto","background-attachment":"scroll","background-type":"","background-media":"","overlay-type":"","overlay-color":"","overlay-opacity":"","overlay-gradient":""},"mobile":{"background-color":"","background-image":"","background-repeat":"repeat","background-position":"center center","background-size":"auto","background-attachment":"scroll","background-type":"","background-media":"","overlay-type":"","overlay-color":"","overlay-opacity":"","overlay-gradient":""}},"ast-content-background-meta":{"desktop":{"background-color":"var(--ast-global-color-5)","background-image":"","background-repeat":"repeat","background-position":"center center","background-size":"auto","background-attachment":"scroll","background-type":"","background-media":"","overlay-type":"","overlay-color":"","overlay-opacity":"","overlay-gradient":""},"tablet":{"background-color":"var(--ast-global-color-5)","background-image":"","background-repeat":"repeat","background-position":"center center","background-size":"auto","background-attachment":"scroll","background-type":"","background-media":"","overlay-type":"","overlay-color":"","overlay-opacity":"","overlay-gradient":""},"mobile":{"background-color":"var(--ast-global-color-5)","background-image":"","background-repeat":"repeat","background-position":"center center","background-size":"auto","background-attachment":"scroll","background-type":"","background-media":"","overlay-type":"","overlay-color":"","overlay-opacity":"","overlay-gradient":""}},"footnotes":""},"class_list":["post-182","page","type-page","status-publish","hentry"],"_links":{"self":[{"href":"https:\/\/autentia.pro\/libro\/wp-json\/wp\/v2\/pages\/182","targetHints":{"allow":["GET"]}}],"collection":[{"href":"https:\/\/autentia.pro\/libro\/wp-json\/wp\/v2\/pages"}],"about":[{"href":"https:\/\/autentia.pro\/libro\/wp-json\/wp\/v2\/types\/page"}],"author":[{"embeddable":true,"href":"https:\/\/autentia.pro\/libro\/wp-json\/wp\/v2\/users\/1"}],"replies":[{"embeddable":true,"href":"https:\/\/autentia.pro\/libro\/wp-json\/wp\/v2\/comments?post=182"}],"version-history":[{"count":31,"href":"https:\/\/autentia.pro\/libro\/wp-json\/wp\/v2\/pages\/182\/revisions"}],"predecessor-version":[{"id":1002,"href":"https:\/\/autentia.pro\/libro\/wp-json\/wp\/v2\/pages\/182\/revisions\/1002"}],"wp:attachment":[{"href":"https:\/\/autentia.pro\/libro\/wp-json\/wp\/v2\/media?parent=182"}],"curies":[{"name":"wp","href":"https:\/\/api.w.org\/{rel}","templated":true}]}}